{"id":9612,"date":"2015-11-19T11:49:55","date_gmt":"2015-11-19T11:49:55","guid":{"rendered":"http:\/\/juvenilia.mg.gov.br\/portal\/?page_id=9612"},"modified":"2023-01-28T15:34:34","modified_gmt":"2023-01-28T18:34:34","slug":"concurso","status":"publish","type":"page","link":"https:\/\/juvenilia.mg.gov.br\/portal\/concurso\/","title":{"rendered":"Concurso"},"content":{"rendered":"<h4>RELA\u00c7\u00c3O DOS CANDIDATOS CONVOCADOS, M\u00c9DICOS APTOS E EXAMES&nbsp;NECESS\u00c1RIOS PARA SEREM ENTREGUES JUNTO COM A CARTA DE CONVOCA\u00c7\u00c3O<\/h4>\n<ul>\n<li><a  data-e-Disable-Page-Transition=\"true\" class=\"download-link\" title=\"\" href=\"https:\/\/juvenilia.mg.gov.br\/portal\/download\/11968\/?tmstv=1776967232\" rel=\"nofollow\" id=\"download-link-11968\" >\n\tRela\u00e7\u00e3o-Candidatos-Aprovados-Convocados.pdf\t(4872 downloads\t)\n<\/a>\n<\/li>\n<li><a  data-e-Disable-Page-Transition=\"true\" class=\"download-link\" title=\"\" href=\"https:\/\/juvenilia.mg.gov.br\/portal\/download\/11877\/?tmstv=1776967233\" rel=\"nofollow\" id=\"download-link-11877\" >\n\tRela\u00e7\u00e3o-de-M\u00e9dicos-Credeciados-concurso.pdf\t(1949 downloads\t)\n<\/a>\n<\/li>\n<li><a  data-e-Disable-Page-Transition=\"true\" class=\"download-link\" title=\"\" href=\"https:\/\/juvenilia.mg.gov.br\/portal\/download\/11875\/?tmstv=1776967233\" rel=\"nofollow\" id=\"download-link-11875\" >\n\tRela\u00e7\u00e3o-exames-para-atestado-de-sanidade-f\u00edsica-e-mental1.pdf\t(1959 downloads\t)\n<\/a>\n<\/li>\n<\/ul>\n<h4>HOMOLOGA\u00c7\u00c3O<\/h4>\n<ul>\n<li><a  data-e-Disable-Page-Transition=\"true\" class=\"download-link\" title=\"\" href=\"https:\/\/juvenilia.mg.gov.br\/portal\/download\/30891\/?tmstv=1776967233\" rel=\"nofollow\" id=\"download-link-30891\" >\n\tDECRETO MUNICIPAL N\u00ba 2.116, 15 DE JUNHO DE 2016 - DISP\u00d5E SOBRE A HOMOLOGA\u00c7\u00c3O FINAL DO CONCURSO P\u00daBLICO, EDITAL N\u00ba 01\/2015, DA PREFEITURA MUNICIPAL DE JUVEN\u00cdLIA E D\u00c1 OUTRAS PROVID\u00caNCIAS\u201d.\t(1622 downloads\t)\n<\/a>\n<\/li>\n<\/ul>\n<h4>RESULTADOS<\/h4>\n<ul>\n<li><a  data-e-Disable-Page-Transition=\"true\" class=\"download-link\" title=\"\" href=\"https:\/\/juvenilia.mg.gov.br\/portal\/download\/11865\/?tmstv=1776967233\" rel=\"nofollow\" id=\"download-link-11865\" >\n\t56_QUADRO_GERAL.pdf\t(2335 downloads\t)\n<\/a>\n<\/li>\n<li><a  data-e-Disable-Page-Transition=\"true\" class=\"download-link\" title=\"\" href=\"https:\/\/juvenilia.mg.gov.br\/portal\/download\/11867\/?tmstv=1776967233\" rel=\"nofollow\" id=\"download-link-11867\" >\n\t56_RESULTADO_DEFINITIVO_LIMITE_DE_VAGAS.pdf\t(2153 downloads\t)\n<\/a>\n<\/li>\n<li><a  data-e-Disable-Page-Transition=\"true\" class=\"download-link\" title=\"\" href=\"https:\/\/juvenilia.mg.gov.br\/portal\/download\/11869\/?tmstv=1776967233\" rel=\"nofollow\" id=\"download-link-11869\" >\n\t56_RESULTADO_DEFINITIVO_LISTA_DE_ESPERA.pdf\t(2326 downloads\t)\n<\/a>\n<\/li>\n<\/ul>\n<h4>EDITAL<\/h4>\n<p>As inscri\u00e7\u00f5es devem ser feitas a partir das 8h do dia 4 de janeiro de 2016 pelo site&nbsp;<a href=\"http:\/\/www.cotec.unimontes.br\/index.php\" target=\"_blank\" rel=\"noopener noreferrer nofollow\">www.cotec.unimontes.br<\/a>, at\u00e9 \u00e0s 18h do dia 4 de fevereiro de 2016.<\/p>\n<p>Os candidatos ser\u00e3o avaliados por meio de Provas de M\u00faltipla Escolha e de T\u00edtulos, sendo que a primeira est\u00e1 prevista para ser aplicada em 27 de mar\u00e7o de 2016.<\/p>\n<ul>\n<li><a data-e-Disable-Page-Transition=\"true\" class=\"download-link\" title=\"\" href=\"https:\/\/juvenilia.mg.gov.br\/portal\/download\/9632\/?tmstv=1776967233\" rel=\"nofollow\" id=\"download-link-9632\">\n\tEdital\t(2666 downloads\t)\n<\/a>\n<\/li>\n<li><a data-e-Disable-Page-Transition=\"true\" class=\"download-link\" title=\"\" href=\"https:\/\/juvenilia.mg.gov.br\/portal\/download\/9636\/?tmstv=1776967233\" rel=\"nofollow\" id=\"download-link-9636\">\n\tAnexo I\t(2303 downloads\t)\n<\/a>\n<\/li>\n<li><a data-e-Disable-Page-Transition=\"true\" class=\"download-link\" title=\"\" href=\"https:\/\/juvenilia.mg.gov.br\/portal\/download\/9638\/?tmstv=1776967233\" rel=\"nofollow\" id=\"download-link-9638\">\n\tAnexo II\t(1932 downloads\t)\n<\/a>\n<\/li>\n<li><a data-e-Disable-Page-Transition=\"true\" class=\"download-link\" title=\"\" href=\"https:\/\/juvenilia.mg.gov.br\/portal\/download\/9640\/?tmstv=1776967233\" rel=\"nofollow\" id=\"download-link-9640\">\n\tAnexo III\t(1996 downloads\t)\n<\/a>\n<\/li>\n<li><a data-e-Disable-Page-Transition=\"true\" class=\"download-link\" title=\"\" href=\"https:\/\/juvenilia.mg.gov.br\/portal\/download\/9642\/?tmstv=1776967233\" rel=\"nofollow\" id=\"download-link-9642\">\n\tAnexo IV\t(2032 downloads\t)\n<\/a>\n<\/li>\n<\/ul>\n","protected":false},"excerpt":{"rendered":"<p>RELA\u00c7\u00c3O DOS CANDIDATOS CONVOCADOS, M\u00c9DICOS APTOS E EXAMES&nbsp;NECESS\u00c1RIOS PARA SEREM ENTREGUES JUNTO COM A CARTA DE CONVOCA\u00c7\u00c3O HOMOLOGA\u00c7\u00c3O RESULTADOS EDITAL As inscri\u00e7\u00f5es devem ser feitas a partir das 8h do dia 4 de janeiro de 2016 pelo site&nbsp;www.cotec.unimontes.br, at\u00e9 \u00e0s 18h do dia 4 de fevereiro de 2016. Os candidatos ser\u00e3o avaliados por meio de [&hellip;]<\/p>\n","protected":false},"author":1,"featured_media":0,"parent":0,"menu_order":0,"comment_status":"open","ping_status":"open","template":"","meta":{"footnotes":""},"class_list":["post-9612","page","type-page","status-publish","hentry"],"amp_enabled":true,"mfb_rest_fields":["gutenberg_elementor_mode","amp_enabled"],"_links":{"self":[{"href":"https:\/\/juvenilia.mg.gov.br\/portal\/wp-json\/wp\/v2\/pages\/9612","targetHints":{"allow":["GET"]}}],"collection":[{"href":"https:\/\/juvenilia.mg.gov.br\/portal\/wp-json\/wp\/v2\/pages"}],"about":[{"href":"https:\/\/juvenilia.mg.gov.br\/portal\/wp-json\/wp\/v2\/types\/page"}],"author":[{"embeddable":true,"href":"https:\/\/juvenilia.mg.gov.br\/portal\/wp-json\/wp\/v2\/users\/1"}],"replies":[{"embeddable":true,"href":"https:\/\/juvenilia.mg.gov.br\/portal\/wp-json\/wp\/v2\/comments?post=9612"}],"version-history":[{"count":1,"href":"https:\/\/juvenilia.mg.gov.br\/portal\/wp-json\/wp\/v2\/pages\/9612\/revisions"}],"predecessor-version":[{"id":34295,"href":"https:\/\/juvenilia.mg.gov.br\/portal\/wp-json\/wp\/v2\/pages\/9612\/revisions\/34295"}],"wp:attachment":[{"href":"https:\/\/juvenilia.mg.gov.br\/portal\/wp-json\/wp\/v2\/media?parent=9612"}],"curies":[{"name":"wp","href":"https:\/\/api.w.org\/{rel}","templated":true}]}}