{"id":6110,"date":"2014-12-08T12:13:53","date_gmt":"2014-12-08T12:13:53","guid":{"rendered":"http:\/\/juvenilia.mg.gov.br\/portal\/?page_id=6110"},"modified":"2023-03-24T15:50:22","modified_gmt":"2023-03-24T18:50:22","slug":"dados-institucionais","status":"publish","type":"page","link":"https:\/\/juvenilia.mg.gov.br\/portal\/dados-institucionais\/","title":{"rendered":"Dados Institucionais"},"content":{"rendered":"<p><strong>Entidade:<\/strong> Prefeitura Municipal de Juven\u00edlia \u2013 Poder Executivo Municipal<\/p>\n<p align=\"left\"><strong>CNPJ<\/strong>: 01.612.485\/0001-37<\/p>\n<p align=\"left\"><strong>E-mail<\/strong>:\u00a0<span style=\"text-decoration: underline;\">prefeitura@juvenilia.mg.gov.br<\/span><\/p>\n<p><strong>Endere\u00e7o:<\/strong> Pra\u00e7a Ant\u00f4nio Joaquim de Lima n\u00ba 10, Centro, cep. 39.467000, Juven\u00edlia\/MG.<\/p>\n","protected":false},"excerpt":{"rendered":"<p>Entidade: Prefeitura Municipal de Juven\u00edlia \u2013 Poder Executivo Municipal CNPJ: 01.612.485\/0001-37 E-mail:\u00a0prefeitura@juvenilia.mg.gov.br Endere\u00e7o: Pra\u00e7a Ant\u00f4nio Joaquim de Lima n\u00ba 10, Centro, cep. 39.467000, Juven\u00edlia\/MG.<\/p>\n","protected":false},"author":1,"featured_media":0,"parent":0,"menu_order":0,"comment_status":"open","ping_status":"open","template":"","meta":{"footnotes":""},"class_list":["post-6110","page","type-page","status-publish","hentry"],"amp_enabled":true,"mfb_rest_fields":["gutenberg_elementor_mode","amp_enabled"],"_links":{"self":[{"href":"https:\/\/juvenilia.mg.gov.br\/portal\/wp-json\/wp\/v2\/pages\/6110","targetHints":{"allow":["GET"]}}],"collection":[{"href":"https:\/\/juvenilia.mg.gov.br\/portal\/wp-json\/wp\/v2\/pages"}],"about":[{"href":"https:\/\/juvenilia.mg.gov.br\/portal\/wp-json\/wp\/v2\/types\/page"}],"author":[{"embeddable":true,"href":"https:\/\/juvenilia.mg.gov.br\/portal\/wp-json\/wp\/v2\/users\/1"}],"replies":[{"embeddable":true,"href":"https:\/\/juvenilia.mg.gov.br\/portal\/wp-json\/wp\/v2\/comments?post=6110"}],"version-history":[{"count":1,"href":"https:\/\/juvenilia.mg.gov.br\/portal\/wp-json\/wp\/v2\/pages\/6110\/revisions"}],"predecessor-version":[{"id":34898,"href":"https:\/\/juvenilia.mg.gov.br\/portal\/wp-json\/wp\/v2\/pages\/6110\/revisions\/34898"}],"wp:attachment":[{"href":"https:\/\/juvenilia.mg.gov.br\/portal\/wp-json\/wp\/v2\/media?parent=6110"}],"curies":[{"name":"wp","href":"https:\/\/api.w.org\/{rel}","templated":true}]}}