{"id":50,"date":"2013-05-30T13:02:02","date_gmt":"2013-05-30T13:02:02","guid":{"rendered":"http:\/\/juvenilia.mg.gov.br\/?page_id=50"},"modified":"2022-12-13T14:46:43","modified_gmt":"2022-12-13T17:46:43","slug":"dados-gerais","status":"publish","type":"page","link":"https:\/\/juvenilia.mg.gov.br\/portal\/cidade\/dados-gerais\/","title":{"rendered":"Dados Gerais"},"content":{"rendered":"<table border=\"0\" width=\"100%\" cellspacing=\"0\" cellpadding=\"0\">\n<tbody>\n<tr>\n<td class=\"desc\">Popula\u00e7\u00e3o estimada 2021 <sup>(1)<\/sup><\/td>\n<td class=\"valor\">5.706<\/td>\n<\/tr>\n<tr>\n<td class=\"desc\">Popula\u00e7\u00e3o 2010<\/td>\n<td class=\"valor\">5.708<\/td>\n<\/tr>\n<tr>\n<td class=\"desc\">\u00c1rea da unidade territorial 2015 (km\u00b2)<\/td>\n<td class=\"valor\">1.064,697<\/td>\n<\/tr>\n<tr>\n<td class=\"desc\">Densidade demogr\u00e1fica 2010 (hab\/km\u00b2)<\/td>\n<td class=\"valor\">5,36<\/td>\n<\/tr>\n<tr>\n<td class=\"desc\">C\u00f3digo do Munic\u00edpio<\/td>\n<td class=\"valor\">3136959<\/td>\n<\/tr>\n<tr>\n<td class=\"desc\">Gent\u00edlico<\/td>\n<td class=\"valor\">juveniliense<\/td>\n<\/tr>\n<tr>\n<td class=\"desc mod_noborder\" colspan=\"2\">Prefeito 2021-2024<\/td>\n<\/tr>\n<tr>\n<td class=\"valor\" colspan=\"2\">ROMULO MARINHO CARNEIRO<\/td>\n<\/tr>\n<\/tbody>\n<\/table>\n<p>Fonte: <a href=\"http:\/\/cidades.ibge.gov.br\/xtras\/perfil.php?lang=&amp;codmun=313695&amp;search=minas-gerais|juvenilia|infograficos:-informacoes-completas\" target=\"_blank\" rel=\"noopener noreferrer nofollow\">IBGE | Cidades | Minas Gerais<\/a><\/p>\n","protected":false},"excerpt":{"rendered":"<p>Popula\u00e7\u00e3o estimada 2021 (1) 5.706 Popula\u00e7\u00e3o 2010 5.708 \u00c1rea da unidade territorial 2015 (km\u00b2) 1.064,697 Densidade demogr\u00e1fica 2010 (hab\/km\u00b2) 5,36 C\u00f3digo do Munic\u00edpio 3136959 Gent\u00edlico juveniliense Prefeito 2021-2024 ROMULO MARINHO CARNEIRO Fonte: IBGE | Cidades | Minas Gerais<\/p>\n","protected":false},"author":1,"featured_media":0,"parent":49,"menu_order":0,"comment_status":"open","ping_status":"open","template":"","meta":{"footnotes":""},"class_list":["post-50","page","type-page","status-publish","hentry"],"amp_enabled":true,"mfb_rest_fields":["gutenberg_elementor_mode","amp_enabled"],"_links":{"self":[{"href":"https:\/\/juvenilia.mg.gov.br\/portal\/wp-json\/wp\/v2\/pages\/50","targetHints":{"allow":["GET"]}}],"collection":[{"href":"https:\/\/juvenilia.mg.gov.br\/portal\/wp-json\/wp\/v2\/pages"}],"about":[{"href":"https:\/\/juvenilia.mg.gov.br\/portal\/wp-json\/wp\/v2\/types\/page"}],"author":[{"embeddable":true,"href":"https:\/\/juvenilia.mg.gov.br\/portal\/wp-json\/wp\/v2\/users\/1"}],"replies":[{"embeddable":true,"href":"https:\/\/juvenilia.mg.gov.br\/portal\/wp-json\/wp\/v2\/comments?post=50"}],"version-history":[{"count":0,"href":"https:\/\/juvenilia.mg.gov.br\/portal\/wp-json\/wp\/v2\/pages\/50\/revisions"}],"up":[{"embeddable":true,"href":"https:\/\/juvenilia.mg.gov.br\/portal\/wp-json\/wp\/v2\/pages\/49"}],"wp:attachment":[{"href":"https:\/\/juvenilia.mg.gov.br\/portal\/wp-json\/wp\/v2\/media?parent=50"}],"curies":[{"name":"wp","href":"https:\/\/api.w.org\/{rel}","templated":true}]}}