{"id":40,"date":"2013-05-30T12:59:43","date_gmt":"2013-05-30T12:59:43","guid":{"rendered":"http:\/\/juvenilia.mg.gov.br\/?page_id=40"},"modified":"2025-07-08T17:59:04","modified_gmt":"2025-07-08T20:59:04","slug":"legislacao","status":"publish","type":"page","link":"https:\/\/juvenilia.mg.gov.br\/portal\/governo\/legislacao\/","title":{"rendered":"Legisla\u00e7\u00e3o"},"content":{"rendered":"<ul>\n<li><a href=\"https:\/\/www.dropbox.com\/s\/obuod0oqvjfqjs4\/lei%20Municipal%20075-2001%20-%20Estatuto%20dos%20Servidores%20de%20Juven%C3%ADlia.pdf?dl=0\" rel=\"nofollow noopener\" target=\"_blank\">Lei Municipal n. 075-2001 &#8211; Estatuto dos Servidores de Juven\u00edlia<\/a><\/li>\n<li><a href=\"https:\/\/www.dropbox.com\/s\/7wm5w0a38ovatm7\/Lei%20Complementar%20n.%20005-2007%20-%20Guarda%20Municipal.pdf?dl=0\" rel=\"nofollow noopener\" target=\"_blank\">Lei Complementar n. 005-2007 &#8211; Guarda Municipal<\/a><\/li>\n<li><a data-e-Disable-Page-Transition=\"true\" class=\"download-link\" title=\"\" href=\"https:\/\/juvenilia.mg.gov.br\/portal\/download\/9094\/?tmstv=1776967223\" rel=\"nofollow\" id=\"download-link-9094\">\n\tLei Complementar N\u00ba 013-2012\t(2068 downloads\t)\n<\/a>\n<\/li>\n<li><a data-e-Disable-Page-Transition=\"true\" class=\"download-link\" title=\"\" href=\"https:\/\/juvenilia.mg.gov.br\/portal\/download\/8658\/?tmstv=1776967223\" rel=\"nofollow\" id=\"download-link-8658\">\n\tLei Municipal 291 2015 LDO-20161\t(2152 downloads\t)\n<\/a>\n<\/li>\n<li><a data-e-Disable-Page-Transition=\"true\" class=\"download-link\" title=\"\" href=\"https:\/\/juvenilia.mg.gov.br\/portal\/download\/8637\/?tmstv=1776967223\" rel=\"nofollow\" id=\"download-link-8637\">\n\tLei Municipal N\u00ba 277 de 17 de dezembro de 20141.pdf\t(1830 downloads\t)\n<\/a>\n<\/li>\n<li><a href=\"https:\/\/juvenilia.mg.gov.br\/portal\/wp-content\/uploads\/2013\/05\/formul\u00e1rio-acesso-informa\u00e7\u00e3o.pdf\">Formul\u00e1rio de Acesso \u00e0 Informa\u00e7\u00e3o<\/a><\/li>\n<li><a href=\"https:\/\/juvenilia.mg.gov.br\/portal\/wp-content\/uploads\/2013\/05\/formul\u00e1rio-recursos.pdf\">Formul\u00e1rio de Recursos<\/a><\/li>\n<li><a href=\"https:\/\/juvenilia.mg.gov.br\/portal\/wp-content\/uploads\/2013\/05\/LDO-E-PROJETO.pdf\">Lei de Diretrizes Or\u00e7ament\u00e1rias e Projeto<\/a><\/li>\n<li><a href=\"https:\/\/juvenilia.mg.gov.br\/portal\/wp-content\/uploads\/2013\/05\/Lei-PPA-2014-2017.pdf\">Lei do Plano Plurianual 2014-2017<\/a><\/li>\n<li><a href=\"https:\/\/juvenilia.mg.gov.br\/portal\/wp-content\/uploads\/2013\/05\/Lei-LOA-2014.pdf\">Lei Or\u00e7ament\u00e1ria Anual 2014<\/a><\/li>\n<li><a href=\"https:\/\/www.dropbox.com\/s\/6xsnhkw34asqdtr\/Lei%20Complementar.pdf?dl=0\" rel=\"nofollow noopener\" target=\"_blank\">Lei Complementar 01\/05 &#8211; Plano de Cargos e Sal\u00e1rios<\/a><\/li>\n<li><a data-e-Disable-Page-Transition=\"true\" class=\"download-link\" title=\"\" href=\"https:\/\/juvenilia.mg.gov.br\/portal\/download\/11882\/?tmstv=1776967223\" rel=\"nofollow\" id=\"download-link-11882\">\n\tLei-Complementar-29-2015-Estatuto-dos-Servidores-Municipais.pdf\t(3446 downloads\t)\n<\/a>\n<\/li>\n<li><a href=\"https:\/\/juvenilia.mg.gov.br\/portal\/download\/36424\/?tmstv=1747741151\">Lei Complementar 023-2015, Altera as Leis 01\/05 e 03\/07, Cria, Altera e Extingue Cargos.<\/a><\/li>\n<li><a href=\"https:\/\/juvenilia.mg.gov.br\/portal\/wp-content\/uploads\/2025\/07\/3695_045306_LEI_140.2005-1-2.pdf\">Lei Complementar n\u00ba 140\/2005, altera reda\u00e7\u00e3o da Lei n\u00ba 053\/1999, que Cria a Coordenadoria Municipal de Defesa Civil &#8211; COMDEC.<\/a><\/li>\n<li><a href=\"https:\/\/juvenilia.mg.gov.br\/portal\/wp-content\/uploads\/2025\/07\/PME_JUVENILIA-1.pdf\">Lei Municipal n\u00ba 290\/2015, Aprova o Plano Decenal de Educa\u00e7\u00e3o &#8211; PME<\/a><\/li>\n<\/ul>\n\n\n<p><\/p>\n","protected":false},"excerpt":{"rendered":"<p>Lei Municipal n. 075-2001 &#8211; Estatuto dos Servidores de Juven\u00edlia Lei Complementar n. 005-2007 &#8211; Guarda Municipal Formul\u00e1rio de Acesso \u00e0 Informa\u00e7\u00e3o Formul\u00e1rio de Recursos Lei de Diretrizes Or\u00e7ament\u00e1rias e Projeto Lei do Plano Plurianual 2014-2017 Lei Or\u00e7ament\u00e1ria Anual 2014 Lei Complementar 01\/05 &#8211; Plano de Cargos e Sal\u00e1rios Lei Complementar 023-2015, Altera as Leis [&hellip;]<\/p>\n","protected":false},"author":1,"featured_media":0,"parent":33,"menu_order":0,"comment_status":"open","ping_status":"open","template":"","meta":{"footnotes":""},"class_list":["post-40","page","type-page","status-publish","hentry"],"amp_enabled":true,"mfb_rest_fields":["gutenberg_elementor_mode","amp_enabled"],"_links":{"self":[{"href":"https:\/\/juvenilia.mg.gov.br\/portal\/wp-json\/wp\/v2\/pages\/40","targetHints":{"allow":["GET"]}}],"collection":[{"href":"https:\/\/juvenilia.mg.gov.br\/portal\/wp-json\/wp\/v2\/pages"}],"about":[{"href":"https:\/\/juvenilia.mg.gov.br\/portal\/wp-json\/wp\/v2\/types\/page"}],"author":[{"embeddable":true,"href":"https:\/\/juvenilia.mg.gov.br\/portal\/wp-json\/wp\/v2\/users\/1"}],"replies":[{"embeddable":true,"href":"https:\/\/juvenilia.mg.gov.br\/portal\/wp-json\/wp\/v2\/comments?post=40"}],"version-history":[{"count":7,"href":"https:\/\/juvenilia.mg.gov.br\/portal\/wp-json\/wp\/v2\/pages\/40\/revisions"}],"predecessor-version":[{"id":36501,"href":"https:\/\/juvenilia.mg.gov.br\/portal\/wp-json\/wp\/v2\/pages\/40\/revisions\/36501"}],"up":[{"embeddable":true,"href":"https:\/\/juvenilia.mg.gov.br\/portal\/wp-json\/wp\/v2\/pages\/33"}],"wp:attachment":[{"href":"https:\/\/juvenilia.mg.gov.br\/portal\/wp-json\/wp\/v2\/media?parent=40"}],"curies":[{"name":"wp","href":"https:\/\/api.w.org\/{rel}","templated":true}]}}