{"id":35,"date":"2025-01-02T12:56:00","date_gmt":"2025-01-02T15:56:00","guid":{"rendered":"http:\/\/juvenilia.mg.gov.br\/?page_id=35"},"modified":"2025-01-28T20:03:09","modified_gmt":"2025-01-28T23:03:09","slug":"equipe-de-governo","status":"publish","type":"page","link":"https:\/\/juvenilia.mg.gov.br\/portal\/governo\/equipe-de-governo\/","title":{"rendered":"Equipe de Governo"},"content":{"rendered":"<p style=\"text-align: center;\" align=\"left\"><b>Cargos Eletivos do Poder Executivo<\/b>: Mandato de 2025 \u00e0 2028.<\/p>\n<p><strong>Prefeito:<\/strong> Mailson Lopes de Oliveira<\/p>\n<p><strong>Vice-prefeito:<\/strong> Marcos Ant\u00f4nio Siqueira<\/p>\n<p style=\"text-align: center;\" align=\"left\"><b>Pastas do Secretariado<\/b> <b>(Agentes Pol\u00edticos)<\/b>:<\/p>\n<p align=\"left\"><em><strong>Refer\u00eancia:<\/strong> Janeiro de 2025.<\/em><\/p>\n<p><strong>Secretaria Geral de Administra\u00e7\u00e3o:<\/strong><\/p>\n<p><strong>Secretaria Municipal de Agricultura e Meio Ambiente:<\/strong> Jonizete Alves de Luna<strong>;<\/strong><\/p>\n<p><strong>Secretaria Municipal da Fazenda e Administra\u00e7\u00e3o Financeira:<\/strong> Beatriz Luna Lopes;<\/p>\n<p><strong>Secretaria Municipal da Assist\u00eancia Social:<\/strong> C\u00e9lia Oliveira Pina Santos;<\/p>\n<p><strong>Secretaria Municipal da Educa\u00e7\u00e3o e Cultura:<\/strong> Delvanice Silva Santos de Matos;<\/p>\n<p><strong>Secretaria Municipal de Obras e Servi\u00e7os Comunit\u00e1rios:<\/strong> Ant\u00f4nio Fernandes da Silva;<\/p>\n<p><strong>Secretaria Municipal da Sa\u00fade e Saneamento:<\/strong> S\u00e9rgio Figueredo Lopes;<\/p>\n<p><strong>Secretaria Municipal de Transporte e Estradas Vicinais:<\/strong> Jos\u00e9 Francisco Souza Medeiros.<\/p>\n<p><strong>Secretaria Municipal de Planejamento e Gest\u00e3o:<\/strong><\/p>\n<p><strong>Secretaria Municipal de Esporte Lazer e<\/strong> <strong>Turismo:<\/strong><\/p>\n","protected":false},"excerpt":{"rendered":"<p>Cargos Eletivos do Poder Executivo: Mandato de 2025 \u00e0 2028. Prefeito: Mailson Lopes de Oliveira Vice-prefeito: Marcos Ant\u00f4nio Siqueira Pastas do Secretariado (Agentes Pol\u00edticos): Refer\u00eancia: Janeiro de 2025. Secretaria Geral de Administra\u00e7\u00e3o: Secretaria Municipal de Agricultura e Meio Ambiente: Jonizete Alves de Luna; Secretaria Municipal da Fazenda e Administra\u00e7\u00e3o Financeira: Beatriz Luna Lopes; Secretaria Municipal [&hellip;]<\/p>\n","protected":false},"author":1,"featured_media":0,"parent":33,"menu_order":0,"comment_status":"open","ping_status":"open","template":"","meta":{"footnotes":""},"class_list":["post-35","page","type-page","status-publish","hentry"],"amp_enabled":true,"mfb_rest_fields":["gutenberg_elementor_mode","amp_enabled"],"_links":{"self":[{"href":"https:\/\/juvenilia.mg.gov.br\/portal\/wp-json\/wp\/v2\/pages\/35","targetHints":{"allow":["GET"]}}],"collection":[{"href":"https:\/\/juvenilia.mg.gov.br\/portal\/wp-json\/wp\/v2\/pages"}],"about":[{"href":"https:\/\/juvenilia.mg.gov.br\/portal\/wp-json\/wp\/v2\/types\/page"}],"author":[{"embeddable":true,"href":"https:\/\/juvenilia.mg.gov.br\/portal\/wp-json\/wp\/v2\/users\/1"}],"replies":[{"embeddable":true,"href":"https:\/\/juvenilia.mg.gov.br\/portal\/wp-json\/wp\/v2\/comments?post=35"}],"version-history":[{"count":2,"href":"https:\/\/juvenilia.mg.gov.br\/portal\/wp-json\/wp\/v2\/pages\/35\/revisions"}],"predecessor-version":[{"id":36113,"href":"https:\/\/juvenilia.mg.gov.br\/portal\/wp-json\/wp\/v2\/pages\/35\/revisions\/36113"}],"up":[{"embeddable":true,"href":"https:\/\/juvenilia.mg.gov.br\/portal\/wp-json\/wp\/v2\/pages\/33"}],"wp:attachment":[{"href":"https:\/\/juvenilia.mg.gov.br\/portal\/wp-json\/wp\/v2\/media?parent=35"}],"curies":[{"name":"wp","href":"https:\/\/api.w.org\/{rel}","templated":true}]}}