{"id":25766,"date":"2017-06-05T14:27:54","date_gmt":"2017-06-05T17:27:54","guid":{"rendered":"http:\/\/juvenilia.mg.gov.br\/portal\/?page_id=25766"},"modified":"2017-07-10T23:17:04","modified_gmt":"2017-07-11T02:17:04","slug":"entrar","status":"publish","type":"page","link":"https:\/\/juvenilia.mg.gov.br\/portal\/entrar\/","title":{"rendered":"Identifique-se"},"content":{"rendered":"<p><span style=\"font-family: Consolas; font-size: small;\"> Para baixar arquivos \u00e9 necess\u00e1rio identificar-se.<br \/>\nAinda n\u00e3o \u00e9 registro <a href=\"https:\/\/juvenilia.mg.gov.br\/portal\/registro\/\">clique aqui<\/a>, o registro \u00e9 gratuito.<br \/>\n<\/span><\/p>\n","protected":false},"excerpt":{"rendered":"<p>Para baixar arquivos \u00e9 necess\u00e1rio identificar-se. Ainda n\u00e3o \u00e9 registro clique aqui, o registro \u00e9 gratuito.<\/p>\n","protected":false},"author":2,"featured_media":0,"parent":0,"menu_order":0,"comment_status":"closed","ping_status":"closed","template":"","meta":{"footnotes":""},"class_list":["post-25766","page","type-page","status-publish","hentry"],"amp_enabled":true,"mfb_rest_fields":["gutenberg_elementor_mode","amp_enabled"],"_links":{"self":[{"href":"https:\/\/juvenilia.mg.gov.br\/portal\/wp-json\/wp\/v2\/pages\/25766","targetHints":{"allow":["GET"]}}],"collection":[{"href":"https:\/\/juvenilia.mg.gov.br\/portal\/wp-json\/wp\/v2\/pages"}],"about":[{"href":"https:\/\/juvenilia.mg.gov.br\/portal\/wp-json\/wp\/v2\/types\/page"}],"author":[{"embeddable":true,"href":"https:\/\/juvenilia.mg.gov.br\/portal\/wp-json\/wp\/v2\/users\/2"}],"replies":[{"embeddable":true,"href":"https:\/\/juvenilia.mg.gov.br\/portal\/wp-json\/wp\/v2\/comments?post=25766"}],"version-history":[{"count":0,"href":"https:\/\/juvenilia.mg.gov.br\/portal\/wp-json\/wp\/v2\/pages\/25766\/revisions"}],"wp:attachment":[{"href":"https:\/\/juvenilia.mg.gov.br\/portal\/wp-json\/wp\/v2\/media?parent=25766"}],"curies":[{"name":"wp","href":"https:\/\/api.w.org\/{rel}","templated":true}]}}